{"id":993,"date":"2020-02-13T13:06:31","date_gmt":"2020-02-13T13:06:31","guid":{"rendered":"https:\/\/the7.io\/elementor-business\/?page_id=993"},"modified":"2023-10-14T22:49:22","modified_gmt":"2023-10-14T22:49:22","slug":"services","status":"publish","type":"page","link":"https:\/\/www.multimur.com\/index.php\/services\/","title":{"rendered":"Servicios"},"content":{"rendered":"\t\t<div data-elementor-type=\"wp-page\" data-elementor-id=\"993\" class=\"elementor elementor-993\" data-elementor-post-type=\"page\">\n\t\t\t\t\t\t<section class=\"elementor-section elementor-top-section elementor-element elementor-element-e215091 elementor-section-boxed elementor-section-height-default elementor-section-height-default\" data-id=\"e215091\" data-element_type=\"section\">\n\t\t\t\t\t\t<div class=\"elementor-container elementor-column-gap-wider\">\n\t\t\t\t\t<div class=\"elementor-column elementor-col-100 elementor-top-column elementor-element elementor-element-b2ce682\" data-id=\"b2ce682\" data-element_type=\"column\">\n\t\t\t<div class=\"elementor-widget-wrap elementor-element-populated\">\n\t\t\t\t\t\t<div class=\"elementor-element elementor-element-9e2830b elementor-widget elementor-widget-text-editor\" data-id=\"9e2830b\" data-element_type=\"widget\" data-widget_type=\"text-editor.default\">\n\t\t\t\t<div class=\"elementor-widget-container\">\n\t\t\t\t\t\t\t\t\t<div class=\"flex-1 overflow-hidden\"><div class=\"react-scroll-to-bottom--css-sfebw-79elbk h-full dark:bg-gray-800\"><div class=\"react-scroll-to-bottom--css-sfebw-1n7m0yu\"><div class=\"flex flex-col text-sm dark:bg-gray-800\"><div class=\"group final-completion w-full text-token-text-primary border-b border-black\/10 gizmo:border-0 dark:border-gray-900\/50 gizmo:dark:border-0 bg-gray-50 gizmo:bg-transparent dark:bg-[#444654] gizmo:dark:bg-transparent\" data-testid=\"conversation-turn-19\"><div class=\"p-4 justify-center text-base md:gap-6 md:py-6 m-auto\"><div class=\"flex flex-1 gap-4 text-base mx-auto md:gap-6 gizmo:gap-3 gizmo:md:px-5 gizmo:lg:px-1 gizmo:xl:px-5 md:max-w-2xl lg:max-w-[38rem] gizmo:md:max-w-3xl gizmo:lg:max-w-[40rem] gizmo:xl:max-w-[48rem] xl:max-w-3xl }\"><div class=\"relative flex w-[calc(100%-50px)] flex-col gizmo:w-full lg:w-[calc(100%-115px)] agent-turn\"><div class=\"flex-col gap-1 md:gap-3\"><div class=\"flex flex-grow flex-col gap-3 max-w-full\"><div class=\"min-h-[20px] flex flex-col items-start gap-3 whitespace-pre-wrap break-words overflow-x-auto\"><div class=\"markdown prose w-full break-words dark:prose-invert light\"><p>En Multimur, nos dedicamos al sector de servicios y estamos comprometidos en brindar soluciones integrales para atender a todas tus necesidades. Nuestros servicios est\u00e1n firmemente orientados a:<\/p><p><strong>Trato Personalizado:<\/strong> En Multimur, comprendemos la importancia de proporcionar un servicio personalizado que construya una s\u00f3lida confianza en nuestros clientes con respecto a la calidad del servicio que ofrecemos.<\/p><p><strong>Orientaci\u00f3n al Cliente:<\/strong> Reconocemos que las necesidades y expectativas de nuestros clientes son la prioridad en todas nuestras iniciativas y actividades. Nuestra organizaci\u00f3n se esfuerza por garantizar el cumplimiento de los requisitos asociados al servicio, tanto los expresados por nuestros clientes como aquellos que sean requeridos por la legislaci\u00f3n y regulaciones aplicables.<\/p><p>Nuestro equipo de profesionales es el pilar de nuestro compromiso continuo en la mejora y el cumplimiento de pol\u00edticas de calidad, medio ambiente y responsabilidad social. Su dedicaci\u00f3n diaria nos impulsa a superarnos, brindando un servicio que cumple con los m\u00e1s altos est\u00e1ndares en cada aspecto de nuestro negocio.<\/p><\/div><\/div><\/div><\/div><\/div><\/div><\/div><\/div><\/div><\/div><\/div><\/div>\t\t\t\t\t\t\t\t<\/div>\n\t\t\t\t<\/div>\n\t\t\t\t\t<\/div>\n\t\t<\/div>\n\t\t\t\t\t<\/div>\n\t\t<\/section>\n\t\t\t\t<section class=\"elementor-section elementor-top-section elementor-element elementor-element-5dec1a5 elementor-section-boxed elementor-section-height-default elementor-section-height-default\" data-id=\"5dec1a5\" data-element_type=\"section\">\n\t\t\t\t\t\t<div class=\"elementor-container elementor-column-gap-wider\">\n\t\t\t\t\t<div class=\"elementor-column elementor-col-100 elementor-top-column elementor-element elementor-element-22869e1\" data-id=\"22869e1\" data-element_type=\"column\">\n\t\t\t<div class=\"elementor-widget-wrap\">\n\t\t\t\t\t\t\t<\/div>\n\t\t<\/div>\n\t\t\t\t\t<\/div>\n\t\t<\/section>\n\t\t\t\t<section class=\"elementor-section elementor-top-section elementor-element elementor-element-6bb3128 elementor-section-boxed elementor-section-height-default elementor-section-height-default\" data-id=\"6bb3128\" data-element_type=\"section\">\n\t\t\t\t\t\t<div class=\"elementor-container elementor-column-gap-wider\">\n\t\t\t\t\t<div class=\"elementor-column elementor-col-100 elementor-top-column elementor-element elementor-element-fc49683\" data-id=\"fc49683\" data-element_type=\"column\">\n\t\t\t<div class=\"elementor-widget-wrap elementor-element-populated\">\n\t\t\t\t\t\t<div class=\"elementor-element elementor-element-7d6107d img-align-tablet-top image-vertical-align-center slide-h-position-tablet-center icon-box-vertical-align-top img-align-left preserve-img-ratio-cover slide-h-position-left elementor-widget elementor-widget-the7-elements-simple-posts\" data-id=\"7d6107d\" data-element_type=\"widget\" data-widget_type=\"the7-elements-simple-posts.default\">\n\t\t\t\t<div class=\"elementor-widget-container\">\n\t\t\t\t\t<div class=\"the7-simple-widget-posts the7-elementor-widget the7-elements-simple-posts-7d6107d jquery-filter jquery-filter\" data-post-limit=\"-1\" data-pagination-mode=\"none\" data-scroll-offset=\"\" aria-live=\"assertive\">\t\t\t<div class=\"dt-css-grid custom-pagination-handler\" data-columns=\"{&quot;d&quot;:2,&quot;t&quot;:2,&quot;p&quot;:1,&quot;wd&quot;:&quot;&quot;}\">\n\t\t\t\t\t\t\t\t\t<div class=\"wf-cell visible \">\n\t\t\t\t\t\t<article class=\"post visible wrapper post-5751 our_services type-our_services status-publish has-post-thumbnail hentry\">\n\n\t\t\t\t\t\t\t<div class=\"post-content-wrapper\">\n\t\t\t\t\t\t\t\t\t\t\t\t\t\t\t\t\t<div class=\"the7-simple-post-thumb\">\n\t\t\t\t\t\t\t\t\t\t<div class=\"post-thumbnail-rollover layzr-bg img-css-resize-wrapper not-clickable-item\" aria-label=\"Post image\"><img fetchpriority=\"high\" decoding=\"async\" width=\"900\" height=\"900\" src=\"data:image\/svg+xml,%3Csvg%20xmlns%3D&#039;http%3A%2F%2Fwww.w3.org%2F2000%2Fsvg&#039;%20viewBox%3D&#039;0%200%20900%20900&#039;%2F%3E\" class=\"attachment-full size-full preload-me aspect lazy lazy-load\" alt=\"\" sizes=\"(max-width: 900px) 100vw, 900px\" style=\"--ratio: 900 \/ 900;\" data-src=\"https:\/\/www.multimur.com\/wp-content\/uploads\/2023\/10\/azafatas.png\" loading=\"eager\" data-srcset=\"https:\/\/www.multimur.com\/wp-content\/uploads\/2023\/10\/azafatas.png 900w, https:\/\/www.multimur.com\/wp-content\/uploads\/2023\/10\/azafatas-300x300.png 300w, https:\/\/www.multimur.com\/wp-content\/uploads\/2023\/10\/azafatas-150x150.png 150w, https:\/\/www.multimur.com\/wp-content\/uploads\/2023\/10\/azafatas-768x768.png 768w\" \/><span class=\"the7-hover-icon\"><\/span><\/div>\t\t\t\t\t\t\t\t\t<\/div>\n\t\t\t\t\t\t\t\t\t\t\t\t\t\t\t\t<div class=\"post-entry-content\">\n\t\t\t\t\t\t\t\t\t<h4 class=\"heading\"><span title=\"Azafatas de Eventos\" class=\"post-title\">Azafatas de Eventos<\/span><\/h4><p class=\"short-description\">Nuestras azafatas y azafatos altamente capacitados aseguran una experiencia sin problemas para nuestros clientes. Su misi\u00f3n abarca recibimiento, informaci\u00f3n, apoyo y resoluci\u00f3n de imprevistos en diversos entornos y servicios.<\/p>\t\t\t\t\t\t\t\t<\/div>\n\t\t\t\t\t\t\t<\/div>\n\t\t\t\t\t\t<\/article>\n\t\t\t\t\t<\/div>\t\t\t\t\t\t\t\t\t\t<div class=\"wf-cell visible \">\n\t\t\t\t\t\t<article class=\"post visible wrapper post-5749 our_services type-our_services status-publish has-post-thumbnail hentry\">\n\n\t\t\t\t\t\t\t<div class=\"post-content-wrapper\">\n\t\t\t\t\t\t\t\t\t\t\t\t\t\t\t\t\t<div class=\"the7-simple-post-thumb\">\n\t\t\t\t\t\t\t\t\t\t<div class=\"post-thumbnail-rollover layzr-bg img-css-resize-wrapper not-clickable-item\" aria-label=\"Post image\"><img decoding=\"async\" width=\"900\" height=\"900\" src=\"data:image\/svg+xml,%3Csvg%20xmlns%3D&#039;http%3A%2F%2Fwww.w3.org%2F2000%2Fsvg&#039;%20viewBox%3D&#039;0%200%20900%20900&#039;%2F%3E\" class=\"attachment-full size-full preload-me aspect lazy lazy-load\" alt=\"\" sizes=\"(max-width: 900px) 100vw, 900px\" style=\"--ratio: 900 \/ 900;\" data-src=\"https:\/\/www.multimur.com\/wp-content\/uploads\/2023\/10\/ayudadomicilio.png\" loading=\"eager\" data-srcset=\"https:\/\/www.multimur.com\/wp-content\/uploads\/2023\/10\/ayudadomicilio.png 900w, https:\/\/www.multimur.com\/wp-content\/uploads\/2023\/10\/ayudadomicilio-300x300.png 300w, https:\/\/www.multimur.com\/wp-content\/uploads\/2023\/10\/ayudadomicilio-150x150.png 150w, https:\/\/www.multimur.com\/wp-content\/uploads\/2023\/10\/ayudadomicilio-768x768.png 768w\" \/><span class=\"the7-hover-icon\"><\/span><\/div>\t\t\t\t\t\t\t\t\t<\/div>\n\t\t\t\t\t\t\t\t\t\t\t\t\t\t\t\t<div class=\"post-entry-content\">\n\t\t\t\t\t\t\t\t\t<h4 class=\"heading\"><span title=\"Servicio de Ayuda a Domicilio\" class=\"post-title\">Servicio de Ayuda a Domicilio<\/span><\/h4><p class=\"short-description\">Los cuidadores a domicilio est\u00e1n especialmente formados para garantizar el bienestar de nuestros clientes. Sus responsabilidades incluyen cuidados, asistencia, y soluci\u00f3n de necesidades en el hogar, proporcionando un apoyo inigualable.<\/p>\t\t\t\t\t\t\t\t<\/div>\n\t\t\t\t\t\t\t<\/div>\n\t\t\t\t\t\t<\/article>\n\t\t\t\t\t<\/div>\t\t\t\t\t\t\t\t\t\t<div class=\"wf-cell visible \">\n\t\t\t\t\t\t<article class=\"post visible wrapper post-5747 our_services type-our_services status-publish has-post-thumbnail hentry\">\n\n\t\t\t\t\t\t\t<div class=\"post-content-wrapper\">\n\t\t\t\t\t\t\t\t\t\t\t\t\t\t\t\t\t<div class=\"the7-simple-post-thumb\">\n\t\t\t\t\t\t\t\t\t\t<div class=\"post-thumbnail-rollover layzr-bg img-css-resize-wrapper not-clickable-item\" aria-label=\"Post image\"><img decoding=\"async\" width=\"900\" height=\"900\" src=\"data:image\/svg+xml,%3Csvg%20xmlns%3D&#039;http%3A%2F%2Fwww.w3.org%2F2000%2Fsvg&#039;%20viewBox%3D&#039;0%200%20900%20900&#039;%2F%3E\" class=\"attachment-full size-full preload-me aspect lazy lazy-load\" alt=\"\" sizes=\"(max-width: 900px) 100vw, 900px\" style=\"--ratio: 900 \/ 900;\" data-src=\"https:\/\/www.multimur.com\/wp-content\/uploads\/2023\/10\/jardineria.png\" loading=\"eager\" data-srcset=\"https:\/\/www.multimur.com\/wp-content\/uploads\/2023\/10\/jardineria.png 900w, https:\/\/www.multimur.com\/wp-content\/uploads\/2023\/10\/jardineria-300x300.png 300w, https:\/\/www.multimur.com\/wp-content\/uploads\/2023\/10\/jardineria-150x150.png 150w, https:\/\/www.multimur.com\/wp-content\/uploads\/2023\/10\/jardineria-768x768.png 768w\" \/><span class=\"the7-hover-icon\"><\/span><\/div>\t\t\t\t\t\t\t\t\t<\/div>\n\t\t\t\t\t\t\t\t\t\t\t\t\t\t\t\t<div class=\"post-entry-content\">\n\t\t\t\t\t\t\t\t\t<h4 class=\"heading\"><span title=\"Jardiner\u00eda\" class=\"post-title\">Jardiner\u00eda<\/span><\/h4><p class=\"short-description\">Tenemos expertos en jardiner\u00eda que brindan servicios de dise\u00f1o, mantenimiento y cuidado de jardines, sistemas de riego, poda, control de plagas y creaci\u00f3n de espacios verdes personalizados<\/p>\t\t\t\t\t\t\t\t<\/div>\n\t\t\t\t\t\t\t<\/div>\n\t\t\t\t\t\t<\/article>\n\t\t\t\t\t<\/div>\t\t\t\t\t\t\t\t\t\t<div class=\"wf-cell visible \">\n\t\t\t\t\t\t<article class=\"post visible wrapper post-5745 our_services type-our_services status-publish has-post-thumbnail hentry\">\n\n\t\t\t\t\t\t\t<div class=\"post-content-wrapper\">\n\t\t\t\t\t\t\t\t\t\t\t\t\t\t\t\t\t<div class=\"the7-simple-post-thumb\">\n\t\t\t\t\t\t\t\t\t\t<div class=\"post-thumbnail-rollover layzr-bg img-css-resize-wrapper not-clickable-item\" aria-label=\"Post image\"><img decoding=\"async\" width=\"900\" height=\"900\" src=\"data:image\/svg+xml,%3Csvg%20xmlns%3D&#039;http%3A%2F%2Fwww.w3.org%2F2000%2Fsvg&#039;%20viewBox%3D&#039;0%200%20900%20900&#039;%2F%3E\" class=\"attachment-full size-full preload-me aspect lazy lazy-load\" alt=\"\" sizes=\"(max-width: 900px) 100vw, 900px\" style=\"--ratio: 900 \/ 900;\" data-src=\"https:\/\/www.multimur.com\/wp-content\/uploads\/2023\/10\/conserjeria.png\" loading=\"eager\" data-srcset=\"https:\/\/www.multimur.com\/wp-content\/uploads\/2023\/10\/conserjeria.png 900w, https:\/\/www.multimur.com\/wp-content\/uploads\/2023\/10\/conserjeria-300x300.png 300w, https:\/\/www.multimur.com\/wp-content\/uploads\/2023\/10\/conserjeria-150x150.png 150w, https:\/\/www.multimur.com\/wp-content\/uploads\/2023\/10\/conserjeria-768x768.png 768w\" \/><span class=\"the7-hover-icon\"><\/span><\/div>\t\t\t\t\t\t\t\t\t<\/div>\n\t\t\t\t\t\t\t\t\t\t\t\t\t\t\t\t<div class=\"post-entry-content\">\n\t\t\t\t\t\t\t\t\t<h4 class=\"heading\"><span title=\"Conserjer\u00eda\" class=\"post-title\">Conserjer\u00eda<\/span><\/h4><p class=\"short-description\">Nuestros conserjes est\u00e1n altamente capacitados se enfoca en brindar un servicio completo a nuestros clientes. Sus responsabilidades incluyen la atenci\u00f3n, seguridad y eficiencia en la gesti\u00f3n de edificios y propiedades.<\/p>\t\t\t\t\t\t\t\t<\/div>\n\t\t\t\t\t\t\t<\/div>\n\t\t\t\t\t\t<\/article>\n\t\t\t\t\t<\/div>\t\t\t\t\t\t\t\t\t\t<div class=\"wf-cell visible \">\n\t\t\t\t\t\t<article class=\"post visible wrapper post-2917 our_services type-our_services status-publish has-post-thumbnail hentry\">\n\n\t\t\t\t\t\t\t<div class=\"post-content-wrapper\">\n\t\t\t\t\t\t\t\t\t\t\t\t\t\t\t\t\t<div class=\"the7-simple-post-thumb\">\n\t\t\t\t\t\t\t\t\t\t<div class=\"post-thumbnail-rollover layzr-bg img-css-resize-wrapper not-clickable-item\" aria-label=\"Post image\"><img decoding=\"async\" width=\"900\" height=\"900\" src=\"data:image\/svg+xml,%3Csvg%20xmlns%3D&#039;http%3A%2F%2Fwww.w3.org%2F2000%2Fsvg&#039;%20viewBox%3D&#039;0%200%20900%20900&#039;%2F%3E\" class=\"attachment-full size-full preload-me aspect lazy lazy-load\" alt=\"\" sizes=\"(max-width: 900px) 100vw, 900px\" style=\"--ratio: 900 \/ 900;\" data-src=\"https:\/\/www.multimur.com\/wp-content\/uploads\/2023\/10\/control-accesos.png\" loading=\"eager\" data-srcset=\"https:\/\/www.multimur.com\/wp-content\/uploads\/2023\/10\/control-accesos.png 900w, https:\/\/www.multimur.com\/wp-content\/uploads\/2023\/10\/control-accesos-300x300.png 300w, https:\/\/www.multimur.com\/wp-content\/uploads\/2023\/10\/control-accesos-150x150.png 150w, https:\/\/www.multimur.com\/wp-content\/uploads\/2023\/10\/control-accesos-768x768.png 768w\" \/><span class=\"the7-hover-icon\"><\/span><\/div>\t\t\t\t\t\t\t\t\t<\/div>\n\t\t\t\t\t\t\t\t\t\t\t\t\t\t\t\t<div class=\"post-entry-content\">\n\t\t\t\t\t\t\t\t\t<h4 class=\"heading\"><span title=\"Control de Accesos\" class=\"post-title\">Control de Accesos<\/span><\/h4><p class=\"short-description\">Ponemos a tu disposicion profesionales altamente cualificados en el control de accesos, siendo expertos en la supervision de aparcamientos, mercanc\u00edas, centralita telef\u00f3nica, rondas de control y vigilancia urgente las 24 horas<\/p>\t\t\t\t\t\t\t\t<\/div>\n\t\t\t\t\t\t\t<\/div>\n\t\t\t\t\t\t<\/article>\n\t\t\t\t\t<\/div>\t\t\t\t\t\t\t\t\t\t<div class=\"wf-cell visible \">\n\t\t\t\t\t\t<article class=\"post visible wrapper post-2908 our_services type-our_services status-publish has-post-thumbnail hentry\">\n\n\t\t\t\t\t\t\t<div class=\"post-content-wrapper\">\n\t\t\t\t\t\t\t\t\t\t\t\t\t\t\t\t\t<div class=\"the7-simple-post-thumb\">\n\t\t\t\t\t\t\t\t\t\t<div class=\"post-thumbnail-rollover layzr-bg img-css-resize-wrapper not-clickable-item\" aria-label=\"Post image\"><img decoding=\"async\" width=\"900\" height=\"900\" src=\"data:image\/svg+xml,%3Csvg%20xmlns%3D&#039;http%3A%2F%2Fwww.w3.org%2F2000%2Fsvg&#039;%20viewBox%3D&#039;0%200%20900%20900&#039;%2F%3E\" class=\"attachment-full size-full preload-me aspect lazy lazy-load\" alt=\"\" sizes=\"(max-width: 900px) 100vw, 900px\" style=\"--ratio: 900 \/ 900;\" data-src=\"https:\/\/www.multimur.com\/wp-content\/uploads\/2023\/10\/porteria.png\" loading=\"eager\" data-srcset=\"https:\/\/www.multimur.com\/wp-content\/uploads\/2023\/10\/porteria.png 900w, https:\/\/www.multimur.com\/wp-content\/uploads\/2023\/10\/porteria-300x300.png 300w, https:\/\/www.multimur.com\/wp-content\/uploads\/2023\/10\/porteria-150x150.png 150w, https:\/\/www.multimur.com\/wp-content\/uploads\/2023\/10\/porteria-768x768.png 768w\" \/><span class=\"the7-hover-icon\"><\/span><\/div>\t\t\t\t\t\t\t\t\t<\/div>\n\t\t\t\t\t\t\t\t\t\t\t\t\t\t\t\t<div class=\"post-entry-content\">\n\t\t\t\t\t\t\t\t\t<h4 class=\"heading\"><span title=\"Porter\u00eda\" class=\"post-title\">Porter\u00eda<\/span><\/h4><p class=\"short-description\">Nuestro equipo de porteros es esencial para garantizar la seguridad y funcionamiento eficiente de las propiedades. Su labor incluye la supervisi\u00f3n, control de accesos y atenci\u00f3n a residentes y visitantes.<\/p>\t\t\t\t\t\t\t\t<\/div>\n\t\t\t\t\t\t\t<\/div>\n\t\t\t\t\t\t<\/article>\n\t\t\t\t\t<\/div>\t\t\t\t\t\t\t\t\t\t<div class=\"wf-cell visible \">\n\t\t\t\t\t\t<article class=\"post visible wrapper post-2899 our_services type-our_services status-publish has-post-thumbnail hentry\">\n\n\t\t\t\t\t\t\t<div class=\"post-content-wrapper\">\n\t\t\t\t\t\t\t\t\t\t\t\t\t\t\t\t\t<div class=\"the7-simple-post-thumb\">\n\t\t\t\t\t\t\t\t\t\t<div class=\"post-thumbnail-rollover layzr-bg img-css-resize-wrapper not-clickable-item\" aria-label=\"Post image\"><img decoding=\"async\" width=\"900\" height=\"900\" src=\"data:image\/svg+xml,%3Csvg%20xmlns%3D&#039;http%3A%2F%2Fwww.w3.org%2F2000%2Fsvg&#039;%20viewBox%3D&#039;0%200%20900%20900&#039;%2F%3E\" class=\"attachment-full size-full preload-me aspect lazy lazy-load\" alt=\"\" sizes=\"(max-width: 900px) 100vw, 900px\" style=\"--ratio: 900 \/ 900;\" data-src=\"https:\/\/www.multimur.com\/wp-content\/uploads\/2023\/10\/atencioncliente.png\" loading=\"eager\" data-srcset=\"https:\/\/www.multimur.com\/wp-content\/uploads\/2023\/10\/atencioncliente.png 900w, https:\/\/www.multimur.com\/wp-content\/uploads\/2023\/10\/atencioncliente-300x300.png 300w, https:\/\/www.multimur.com\/wp-content\/uploads\/2023\/10\/atencioncliente-150x150.png 150w, https:\/\/www.multimur.com\/wp-content\/uploads\/2023\/10\/atencioncliente-768x768.png 768w\" \/><span class=\"the7-hover-icon\"><\/span><\/div>\t\t\t\t\t\t\t\t\t<\/div>\n\t\t\t\t\t\t\t\t\t\t\t\t\t\t\t\t<div class=\"post-entry-content\">\n\t\t\t\t\t\t\t\t\t<h4 class=\"heading\"><span title=\"Atenci\u00f3n al Cliente\" class=\"post-title\">Atenci\u00f3n al Cliente<\/span><\/h4><p class=\"short-description\">La plantilla de atenci\u00f3n al cliente est\u00e1 dedicada a brindar un servicio excepcional. Su enfoque es escuchar, asesorar y resolver las necesidades de nuestros clientes con empat\u00eda y eficiencia, garantizando una experiencia satisfactoria.<\/p>\t\t\t\t\t\t\t\t<\/div>\n\t\t\t\t\t\t\t<\/div>\n\t\t\t\t\t\t<\/article>\n\t\t\t\t\t<\/div>\t\t\t\t\t\t\t\t\t\t<div class=\"wf-cell visible \">\n\t\t\t\t\t\t<article class=\"post visible wrapper post-2883 our_services type-our_services status-publish has-post-thumbnail hentry\">\n\n\t\t\t\t\t\t\t<div class=\"post-content-wrapper\">\n\t\t\t\t\t\t\t\t\t\t\t\t\t\t\t\t\t<div class=\"the7-simple-post-thumb\">\n\t\t\t\t\t\t\t\t\t\t<div class=\"post-thumbnail-rollover layzr-bg img-css-resize-wrapper not-clickable-item\" aria-label=\"Post image\"><img decoding=\"async\" width=\"900\" height=\"900\" src=\"data:image\/svg+xml,%3Csvg%20xmlns%3D&#039;http%3A%2F%2Fwww.w3.org%2F2000%2Fsvg&#039;%20viewBox%3D&#039;0%200%20900%20900&#039;%2F%3E\" class=\"attachment-full size-full preload-me aspect lazy lazy-load\" alt=\"\" sizes=\"(max-width: 900px) 100vw, 900px\" style=\"--ratio: 900 \/ 900;\" data-src=\"https:\/\/www.multimur.com\/wp-content\/uploads\/2023\/10\/mantenimientoedificios.png\" loading=\"eager\" data-srcset=\"https:\/\/www.multimur.com\/wp-content\/uploads\/2023\/10\/mantenimientoedificios.png 900w, https:\/\/www.multimur.com\/wp-content\/uploads\/2023\/10\/mantenimientoedificios-300x300.png 300w, https:\/\/www.multimur.com\/wp-content\/uploads\/2023\/10\/mantenimientoedificios-150x150.png 150w, https:\/\/www.multimur.com\/wp-content\/uploads\/2023\/10\/mantenimientoedificios-768x768.png 768w\" \/><span class=\"the7-hover-icon\"><\/span><\/div>\t\t\t\t\t\t\t\t\t<\/div>\n\t\t\t\t\t\t\t\t\t\t\t\t\t\t\t\t<div class=\"post-entry-content\">\n\t\t\t\t\t\t\t\t\t<h4 class=\"heading\"><span title=\"Mantenimiento de Edificios\" class=\"post-title\">Mantenimiento de Edificios<\/span><\/h4><p class=\"short-description\">Nuestro equipo de mantenimiento de edificios es esencial para garantizar un entorno seguro y funcional. Su labor incluye el cuidado, reparaci\u00f3n y el mantenimiento preventivo para preservar la calidad de las instalaciones.<\/p>\t\t\t\t\t\t\t\t<\/div>\n\t\t\t\t\t\t\t<\/div>\n\t\t\t\t\t\t<\/article>\n\t\t\t\t\t<\/div>\t\t\t\t\t\t\t\t<\/div>\n\t\t<\/div>\t\t\t\t<\/div>\n\t\t\t\t<\/div>\n\t\t\t\t\t<\/div>\n\t\t<\/div>\n\t\t\t\t\t<\/div>\n\t\t<\/section>\n\t\t\t\t<\/div>\n\t\t","protected":false},"excerpt":{"rendered":"<p>En Multimur, nos dedicamos al sector de servicios y estamos comprometidos en brindar soluciones integrales para atender a todas tus necesidades. Nuestros servicios est\u00e1n firmemente orientados a: Trato Personalizado: En Multimur, comprendemos la importancia de proporcionar un servicio personalizado que construya una s\u00f3lida confianza en nuestros clientes con respecto a la calidad del servicio que&hellip;<\/p>\n","protected":false},"author":1,"featured_media":455,"parent":0,"menu_order":40,"comment_status":"closed","ping_status":"closed","template":"","meta":{"footnotes":""},"class_list":["post-993","page","type-page","status-publish","has-post-thumbnail","hentry"],"_links":{"self":[{"href":"https:\/\/www.multimur.com\/index.php\/wp-json\/wp\/v2\/pages\/993","targetHints":{"allow":["GET"]}}],"collection":[{"href":"https:\/\/www.multimur.com\/index.php\/wp-json\/wp\/v2\/pages"}],"about":[{"href":"https:\/\/www.multimur.com\/index.php\/wp-json\/wp\/v2\/types\/page"}],"author":[{"embeddable":true,"href":"https:\/\/www.multimur.com\/index.php\/wp-json\/wp\/v2\/users\/1"}],"replies":[{"embeddable":true,"href":"https:\/\/www.multimur.com\/index.php\/wp-json\/wp\/v2\/comments?post=993"}],"version-history":[{"count":7,"href":"https:\/\/www.multimur.com\/index.php\/wp-json\/wp\/v2\/pages\/993\/revisions"}],"predecessor-version":[{"id":5828,"href":"https:\/\/www.multimur.com\/index.php\/wp-json\/wp\/v2\/pages\/993\/revisions\/5828"}],"wp:featuredmedia":[{"embeddable":true,"href":"https:\/\/www.multimur.com\/index.php\/wp-json\/wp\/v2\/media\/455"}],"wp:attachment":[{"href":"https:\/\/www.multimur.com\/index.php\/wp-json\/wp\/v2\/media?parent=993"}],"curies":[{"name":"wp","href":"https:\/\/api.w.org\/{rel}","templated":true}]}}